{"id":126,"date":"2012-07-11T15:29:05","date_gmt":"2012-07-11T15:29:05","guid":{"rendered":"http:\/\/heimatvereintutschfelden.wordpress.com\/?page_id=126"},"modified":"2019-03-19T19:17:03","modified_gmt":"2019-03-19T17:17:03","slug":"impressum","status":"publish","type":"page","link":"http:\/\/heimatverein-tutschfelden.de\/?page_id=126","title":{"rendered":"Impressum"},"content":{"rendered":"<p>Verantwortlich im Sinne des Presserechts:<br \/>\nHeimatverein Tutschfelden e.V.<br \/>\nHans Schandelmeyer (1. Vorsitzender)<br \/>\nRul\u00e4nderstr. 14<br \/>\n79336 Herbolzheim-Tutschfelden<br \/>\nTelefon&nbsp;0 76 43 \/ 93 03 14<\/p>\n<p>Vereinsregister<br \/>\nVR 270 223 Amtsgericht Freiburg<\/p>\n<p>Haftungshinweis:<br \/>\nTrotz sorgf\u00e4ltiger inhaltlicher Kontrolle \u00fcbernehmen wir keine Haftung f\u00fcr die Inhalte externer Links. F\u00fcr den Inhalt der verlinkten Seiten sind ausschlie\u00dflich deren Betreiber verantwortlich.<\/p>\n","protected":false},"excerpt":{"rendered":"<p>Verantwortlich im Sinne des Presserechts: Heimatverein Tutschfelden e.V. Hans Schandelmeyer (1. Vorsitzender) Rul\u00e4nderstr. 14 79336 Herbolzheim-Tutschfelden Telefon&nbsp;0 76 43 \/ 93 03 14 Vereinsregister VR 270 223 Amtsgericht Freiburg Haftungshinweis: Trotz sorgf\u00e4ltiger inhaltlicher Kontrolle \u00fcbernehmen wir keine Haftung f\u00fcr die &hellip; <a href=\"http:\/\/heimatverein-tutschfelden.de\/?page_id=126\">Weiterlesen <span class=\"meta-nav\">&rarr;<\/span><\/a><\/p>\n","protected":false},"author":1,"featured_media":0,"parent":180,"menu_order":5,"comment_status":"closed","ping_status":"closed","template":"","meta":{"ngg_post_thumbnail":0,"footnotes":""},"class_list":["post-126","page","type-page","status-publish","hentry"],"_links":{"self":[{"href":"http:\/\/heimatverein-tutschfelden.de\/index.php?rest_route=\/wp\/v2\/pages\/126","targetHints":{"allow":["GET"]}}],"collection":[{"href":"http:\/\/heimatverein-tutschfelden.de\/index.php?rest_route=\/wp\/v2\/pages"}],"about":[{"href":"http:\/\/heimatverein-tutschfelden.de\/index.php?rest_route=\/wp\/v2\/types\/page"}],"author":[{"embeddable":true,"href":"http:\/\/heimatverein-tutschfelden.de\/index.php?rest_route=\/wp\/v2\/users\/1"}],"replies":[{"embeddable":true,"href":"http:\/\/heimatverein-tutschfelden.de\/index.php?rest_route=%2Fwp%2Fv2%2Fcomments&post=126"}],"version-history":[{"count":3,"href":"http:\/\/heimatverein-tutschfelden.de\/index.php?rest_route=\/wp\/v2\/pages\/126\/revisions"}],"predecessor-version":[{"id":390,"href":"http:\/\/heimatverein-tutschfelden.de\/index.php?rest_route=\/wp\/v2\/pages\/126\/revisions\/390"}],"up":[{"embeddable":true,"href":"http:\/\/heimatverein-tutschfelden.de\/index.php?rest_route=\/wp\/v2\/pages\/180"}],"wp:attachment":[{"href":"http:\/\/heimatverein-tutschfelden.de\/index.php?rest_route=%2Fwp%2Fv2%2Fmedia&parent=126"}],"curies":[{"name":"wp","href":"https:\/\/api.w.org\/{rel}","templated":true}]}}