{"id":145,"date":"2012-07-11T17:05:25","date_gmt":"2012-07-11T17:05:25","guid":{"rendered":"http:\/\/heimatvereintutschfelden.wordpress.com\/?page_id=145"},"modified":"2012-07-11T17:05:25","modified_gmt":"2012-07-11T17:05:25","slug":"bleichtalbrucke","status":"publish","type":"page","link":"http:\/\/heimatverein-tutschfelden.de\/?page_id=145","title":{"rendered":"Bleichtalbr\u00fccke"},"content":{"rendered":"<p><a href=\"http:\/\/heimatverein-tutschfelden.de\/wp-content\/uploads\/bleichtalbruecke.jpg\"><img loading=\"lazy\" decoding=\"async\" class=\"alignleft  wp-image-148\" style=\"margin:20px;\" title=\"Bleichtalbruecke\" src=\"http:\/\/heimatverein-tutschfelden.de\/wp-content\/uploads\/bleichtalbruecke.jpg?w=100\" alt=\"\" width=\"100\" height=\"150\" srcset=\"http:\/\/heimatverein-tutschfelden.de\/wp-content\/uploads\/bleichtalbruecke.jpg 340w, http:\/\/heimatverein-tutschfelden.de\/wp-content\/uploads\/bleichtalbruecke-200x300.jpg 200w\" sizes=\"auto, (max-width: 100px) 100vw, 100px\" \/><\/a>Der Wunsch, die beiden Ortschaften Tutschfelden und Nordweil \u00fcber die Bleiche hinweg mit einer<br \/>\nBr\u00fccke zu verbinden, besteht bereits seit einigen Jahren, allerdings war das Vorhaben immer wieder<br \/>\nan den finanziellen Vorgaben gescheitert.<\/p>\n<p>In m\u00fchevoller Arbeit wurde nun eine vorhandene Holzkonstruktion vom Heimatverein Tutschfelden<br \/>\nerneuert und restauriert. Die Fundamente der Br\u00fcckenk\u00f6pfe wurden von der Fa. Scharbach nach Plan<br \/>\noptimal ausgef\u00fchrt. Den Transport \u00fcbernahm zum Teil die Bundeswehr und in der Endphase die<br \/>\nFa. Wisser &amp; Danzeisen.<\/p>\n<p>Die Br\u00fccke \u00fcber die Bleiche f\u00fcgt sich in die Landschaft ein, als w\u00e4re sie schon seit ewigen Zeiten<br \/>\nvorhanden. Nicht zuletzt soll sie aber als &#8222;v\u00f6lkerverbindender&#8220; \u00dcbergang der Bleichtalgemeinden<br \/>\nihren Zweck f\u00fcr Wanderer und Radfahrer erf\u00fcllen.<\/p>\n<p>Mitglieder des Heimatvereins Tutschfelden arbeiteten unerm\u00fcdlich und mit gro\u00dfem Einsatz an<br \/>\nder Wiederherstellung der Br\u00fccke &#8211; ihnen gilt hier ein besonderer Dank.<\/p>\n<p>Am 02. Oktober 2005 konnte das neue &#8222;Bleichtalbriggli&#8220; mit einem Sternmarsch aus allen Bleichtal-<br \/>\ngemeinden und einer feierlichen\u00a0 \u00dcbergabe durch Schirmherr B\u00fcrgermeister Schilling, der f\u00fcr die Pl\u00e4ne,<br \/>\nGenehmigung und nicht zuletzt mit seinem Bauhofteam f\u00fcr die optimal anlegten Zug\u00e4nge verantwortlich<br \/>\nzeichnete, schlie\u00dflich seiner Bestimmung zugef\u00fchrt werden.<\/p>\n","protected":false},"excerpt":{"rendered":"<p>Der Wunsch, die beiden Ortschaften Tutschfelden und Nordweil \u00fcber die Bleiche hinweg mit einer Br\u00fccke zu verbinden, besteht bereits seit einigen Jahren, allerdings war das Vorhaben immer wieder an den finanziellen Vorgaben gescheitert. In m\u00fchevoller Arbeit wurde nun eine vorhandene &hellip; <a href=\"http:\/\/heimatverein-tutschfelden.de\/?page_id=145\">Weiterlesen <span class=\"meta-nav\">&rarr;<\/span><\/a><\/p>\n","protected":false},"author":1,"featured_media":0,"parent":55,"menu_order":7,"comment_status":"closed","ping_status":"closed","template":"","meta":{"ngg_post_thumbnail":0,"footnotes":""},"class_list":["post-145","page","type-page","status-publish","hentry"],"_links":{"self":[{"href":"http:\/\/heimatverein-tutschfelden.de\/index.php?rest_route=\/wp\/v2\/pages\/145","targetHints":{"allow":["GET"]}}],"collection":[{"href":"http:\/\/heimatverein-tutschfelden.de\/index.php?rest_route=\/wp\/v2\/pages"}],"about":[{"href":"http:\/\/heimatverein-tutschfelden.de\/index.php?rest_route=\/wp\/v2\/types\/page"}],"author":[{"embeddable":true,"href":"http:\/\/heimatverein-tutschfelden.de\/index.php?rest_route=\/wp\/v2\/users\/1"}],"replies":[{"embeddable":true,"href":"http:\/\/heimatverein-tutschfelden.de\/index.php?rest_route=%2Fwp%2Fv2%2Fcomments&post=145"}],"version-history":[{"count":0,"href":"http:\/\/heimatverein-tutschfelden.de\/index.php?rest_route=\/wp\/v2\/pages\/145\/revisions"}],"up":[{"embeddable":true,"href":"http:\/\/heimatverein-tutschfelden.de\/index.php?rest_route=\/wp\/v2\/pages\/55"}],"wp:attachment":[{"href":"http:\/\/heimatverein-tutschfelden.de\/index.php?rest_route=%2Fwp%2Fv2%2Fmedia&parent=145"}],"curies":[{"name":"wp","href":"https:\/\/api.w.org\/{rel}","templated":true}]}}