{"id":191,"date":"2012-08-27T09:03:04","date_gmt":"2012-08-27T09:03:04","guid":{"rendered":"http:\/\/heimatvereintutschfelden.wordpress.com\/?page_id=191"},"modified":"2012-12-25T23:43:32","modified_gmt":"2012-12-25T21:43:32","slug":"historisches-rebstuck","status":"publish","type":"page","link":"http:\/\/heimatverein-tutschfelden.de\/?page_id=191","title":{"rendered":"Historisches Rebst\u00fcck"},"content":{"rendered":"<p><strong><span style=\"font-family: Tahoma; font-size: small;\">Ein Rebst\u00fcck wie fr\u00fcher &#8230;<\/span><\/strong><\/p>\n<p><span style=\"font-family: Tahoma; font-size: small;\">Um die Erinnerung an den fr\u00fcheren Rebbau vor den Flurbereinigungen zu erhalten, hat der<br \/>\nHeimatverein im Fr\u00fchjahr 2003 auf dem sogenannten &#8222;Klein\u00e4ckerle&#8220; hoch \u00fcber dem Dorf ein<br \/>\nhistorisches Rebst\u00fcck angelegt.<\/span><\/p>\n<p><span style=\"font-family: Tahoma; font-size: small;\">Im Gegensatz zur heutigen Drahtrahmenerziehung wurde das Rebst\u00fcck auf einer Fl\u00e4che von ca. zwei<br \/>\n&#8222;Staekkhiffe&#8220; (je 2,5 Ar) mit Einzelstockreben der Sorte &#8222;Auxerrois&#8220; bepflanzt. <\/span><\/p>\n<p><span style=\"font-family: Tahoma; font-size: small;\"><strong>Das Stikken<br \/>\n<\/strong><br \/>\nDie Vorbereitungen f\u00fcr den Anbau der Reben begannen am 26. April 2003 mit dem &#8222;Stikken&#8220;.<br \/>\nEin Unternehmen voller Nostalgie!<br \/>\nMit einem alten Porsche-Traktor und einem alten Speichenrad-Dielenwagen wurden Ger\u00e4te und<br \/>\nRebstecken zum Rebst\u00fcck transportiert. <\/span><br \/>\n<span style=\"font-family: Tahoma; font-size: small;\"><br \/>\nAuch alle Mitglieder des Heimatvereins, die an der Aktion teilnahmen, hatten sich in Kleidung und<br \/>\nAusr\u00fcstung an das historische Unterfangen angepa\u00dft:<br \/>\nMit Kopftuch oder Schinnhuet und Schurz hatten die Frauen auf dem eisenbereiften Wagen<br \/>\nPlatz genommen, die M\u00e4nner marschierten in Kittel, Riwerlihose und Kappe und ausger\u00fcstet mit<br \/>\neiner Ritthaue voraus. <\/span><\/p>\nngg_shortcode_0_placeholder\n<p><span style=\"font-family: Tahoma; font-size: small;\">Zun\u00e4chst galt es, das Rebst\u00fcck zu vermessen und mit Schnurrahmen zu versehen, ehe das<br \/>\neigentliche &#8222;Stikken&#8220; folgte: das Einschlagen der Rebstecken mit der Ritthaue!<\/span><\/p>\nngg_shortcode_1_placeholder\n<p><span style=\"font-family: Tahoma; font-size: small;\">Zwischendurch wurde nat\u00fcrlich stilecht aus alten Gitterli und Kr\u00fcgen Wein ausgeschenkt, so da\u00df<br \/>\ndie Arbeit rund von der Hand lief und der letzte Stecken schon nach wenig mehr als einer Stunde<br \/>\ngesetzt war. Ein guter Grund, um sich bei einem traditionellen Bauernvesper, Wein und selbst-<br \/>\ngebranntem Schnaps an der gelungenen Arbeit zu freuen!<\/span><\/p>\n<p><span style=\"font-family: Tahoma; font-size: small;\">Und so war es nicht nur das &#8222;Singen&#8220; der Ritthauen, das deutlich h\u00f6rbar nach unten ins Dorf drang &#8230;<\/span><\/p>\n<p><strong><span style=\"font-family: Tahoma; font-size: small;\">Das Setzen<\/span><\/strong><\/p>\n<p><span style=\"font-family: Tahoma; font-size: small;\">Das Setzen der Reben wurde nach den Eisheiligen vorgenommen:<br \/>\nWieder war eine stattliche Zahl an Helfern zusammengekommen, um die Pflanzl\u00f6cher zu graben,<br \/>\ndie Wurzeln der Setzlinge zu k\u00fcrzen, die Reben zu setzen und zu w\u00e4ssern.<\/span><\/p>\n<p>Ein gem\u00fctlicher Ausklang bei Wein und Bibilisk\u00e4s in der &#8222;Krone&#8220; zeugte vom gro\u00dfen Erfolg dieser<br \/>\nerneuten historischen Reb-Aktion.<\/p>\n<p><strong><span style=\"font-family: Tahoma; font-size: small;\">Hege und Pflege<\/span><\/strong><\/p>\n<p><span style=\"font-family: Tahoma; font-size: small;\">Das historische Rebst\u00fcck wird ganzj\u00e4hrig von Mitgliedern des Heimatvereins gepflegt.<br \/>\n<\/span><\/p>\n<p><strong><span style=\"font-family: Tahoma; font-size: small;\">Besucher willkommen!<\/span><\/strong><\/p>\n<p><span style=\"font-family: Tahoma; font-size: small;\">Besucher sind herzlich eingeladen, die historische Rebbauweise aus n\u00e4chster N\u00e4he<br \/>\nkennenzulernen: In der &#8222;Kronekurve&#8220; (90\u00b0) der Hauptstra\u00dfe (Weinstra\u00dfe) biegt man links ab,<br \/>\nvon hier geht es den Berg hinauf zum Klein\u00e4ckerle. Nach der ersten 180\u00b0-Wende der geteerten<br \/>\nStra\u00dfe sind es nur noch ca. hundert Meter geradeaus bis zum historischen Rebst\u00fcck.<\/span><\/p>\n","protected":false},"excerpt":{"rendered":"<p>Ein Rebst\u00fcck wie fr\u00fcher &#8230; Um die Erinnerung an den fr\u00fcheren Rebbau vor den Flurbereinigungen zu erhalten, hat der Heimatverein im Fr\u00fchjahr 2003 auf dem sogenannten &#8222;Klein\u00e4ckerle&#8220; hoch \u00fcber dem Dorf ein historisches Rebst\u00fcck angelegt. Im Gegensatz zur heutigen Drahtrahmenerziehung &hellip; <a href=\"http:\/\/heimatverein-tutschfelden.de\/?page_id=191\">Weiterlesen <span class=\"meta-nav\">&rarr;<\/span><\/a><\/p>\n","protected":false},"author":1,"featured_media":0,"parent":55,"menu_order":3,"comment_status":"closed","ping_status":"closed","template":"","meta":{"ngg_post_thumbnail":0,"footnotes":""},"class_list":["post-191","page","type-page","status-publish","hentry"],"_links":{"self":[{"href":"http:\/\/heimatverein-tutschfelden.de\/index.php?rest_route=\/wp\/v2\/pages\/191","targetHints":{"allow":["GET"]}}],"collection":[{"href":"http:\/\/heimatverein-tutschfelden.de\/index.php?rest_route=\/wp\/v2\/pages"}],"about":[{"href":"http:\/\/heimatverein-tutschfelden.de\/index.php?rest_route=\/wp\/v2\/types\/page"}],"author":[{"embeddable":true,"href":"http:\/\/heimatverein-tutschfelden.de\/index.php?rest_route=\/wp\/v2\/users\/1"}],"replies":[{"embeddable":true,"href":"http:\/\/heimatverein-tutschfelden.de\/index.php?rest_route=%2Fwp%2Fv2%2Fcomments&post=191"}],"version-history":[{"count":3,"href":"http:\/\/heimatverein-tutschfelden.de\/index.php?rest_route=\/wp\/v2\/pages\/191\/revisions"}],"predecessor-version":[{"id":250,"href":"http:\/\/heimatverein-tutschfelden.de\/index.php?rest_route=\/wp\/v2\/pages\/191\/revisions\/250"}],"up":[{"embeddable":true,"href":"http:\/\/heimatverein-tutschfelden.de\/index.php?rest_route=\/wp\/v2\/pages\/55"}],"wp:attachment":[{"href":"http:\/\/heimatverein-tutschfelden.de\/index.php?rest_route=%2Fwp%2Fv2%2Fmedia&parent=191"}],"curies":[{"name":"wp","href":"https:\/\/api.w.org\/{rel}","templated":true}]}}