{"id":198,"date":"2023-11-17T16:34:41","date_gmt":"2023-11-17T14:34:41","guid":{"rendered":"http:\/\/heimatvereintutschfelden.wordpress.com\/?page_id=198"},"modified":"2023-11-17T16:34:41","modified_gmt":"2023-11-17T14:34:41","slug":"wanderweg","status":"publish","type":"page","link":"http:\/\/heimatverein-tutschfelden.de\/?page_id=198","title":{"rendered":"Wanderweg rund um Tutschfelden"},"content":{"rendered":"<p>Mit der Ausschilderung eines Wanderwegs rund um Tutschfelden gibt der Heimatverein Dorfbewohnern wie Ortsunkundigen die M\u00f6glichkeit, das Dorf und seine n\u00e4chste Umgebung von allen Seiten und mit herrlichen Ausblicken auf Tutschfelden und das Bleichtal kennenzulernen.<\/p>\n<p>Strecke und Gehzeit: ca. 10 km, ca. 2-3 Stunden (erweiterter Weg Kahlenberg\/Heuberg 1,5 Stunden).<br \/>Ausschilderung: Holzt\u00e4felchen mit der Aufschrift \u201eWanderweg rund um Tutschfelden&#8220; mit dem Emblem des Kirchturms sowie dem Logo des Heimatvereins (Abk\u00fcrzungen: durch separate T\u00e4felchen angegeben)<\/p>\n\n\n<figure class=\"wp-block-image size-large\"><a href=\"http:\/\/heimatverein-tutschfelden.de\/wp-content\/uploads\/wandertag_bild_schilder-1.jpg\"><img loading=\"lazy\" decoding=\"async\" width=\"1024\" height=\"541\" src=\"http:\/\/heimatverein-tutschfelden.de\/wp-content\/uploads\/wandertag_bild_schilder-1-1024x541.jpg\" alt=\"\" class=\"wp-image-606\" srcset=\"http:\/\/heimatverein-tutschfelden.de\/wp-content\/uploads\/wandertag_bild_schilder-1-1024x541.jpg 1024w, http:\/\/heimatverein-tutschfelden.de\/wp-content\/uploads\/wandertag_bild_schilder-1-300x158.jpg 300w, http:\/\/heimatverein-tutschfelden.de\/wp-content\/uploads\/wandertag_bild_schilder-1-768x406.jpg 768w, http:\/\/heimatverein-tutschfelden.de\/wp-content\/uploads\/wandertag_bild_schilder-1-500x264.jpg 500w, http:\/\/heimatverein-tutschfelden.de\/wp-content\/uploads\/wandertag_bild_schilder-1.jpg 1329w\" sizes=\"auto, (max-width: 1024px) 100vw, 1024px\" \/><\/a><figcaption class=\"wp-element-caption\">Beschilderung Wanderweg<\/figcaption><\/figure>\n\n\n<p>Dieser Wanderweg f\u00fchrt fast ausschlie\u00dflich \u00fcber die H\u00f6henlinie rund um das Dorf.<\/p>\n<p>Vorbei an Reben, Obstkulturen, Wiesen und Ackerland bietet der Weg alle Vorz\u00fcge der Vorbergzone des Schwarzwaldes. Ebenso vielf\u00e4ltig wie die Natur ist die Aussicht rundum. Immer wieder er\u00f6ffnen sich neue Perspektiven. Im Osten gr\u00fc\u00dfen die Schwarzwaldberge bis hin zu Schauinsland und Feldberg und bei guter Weitsicht bis zum Belchen. Auf der anderen Seite des Rheines heben sich die Vogesen vom westlichen Horizont ab. Aus der Rheinebene ragt greifbar nahe der Kaiserstuhl. Der Rundwanderweg beginnt beim B\u00fcrgerhaus in Tutschfelden und f\u00fchrt am originellen Rundbau des Kindergartens vorbei Richtung S\u00fcdwesten. Im &#8222;W\u00e4ldili&#8220; biegt man nach rechts zur Kreisstra\u00dfe 5118 ab, \u00fcberquert diese und wandert durchs &#8222;Ochsental&#8220; hinauf zur H\u00f6he, genannt &#8222;Wicken&#8220;. Weiter durch den Gewann \u201eHaagen&#8220; erreicht man den H\u00f6henweg am &#8222;Kleinbergle&#8220; und folgt diesem alten &#8222;Dietweg&#8220; (Volksweg). Auf der H\u00f6he l\u00e4dt die Baumgruppe &#8222;Dreit\u00e4nnli&#8220; zum Verweilen ein (lohnende Aussicht). Dem H\u00f6henzug nach Norden folgend erreicht man den Abzweig vor dem Kahlenberg. Hier besteht die M\u00f6glichkeit, die Rundtour auszudehnen und \u00fcber den Kahlenberg zum Heuberg zu wandern. Dort wird man auf einem Aussichtsturm mit einer optimalen Rundsicht bis hin zum Stra\u00dfburger M\u00fcnster belohnt. Eine Vesperstube l\u00e4dt zudem sonntags zur gem\u00fctlichen Einkehr ein.<\/p>\n<p>Zur\u00fcck zum Abzweig am K\u00f6nigsweg folgt man dem Wegzeichen mit dem &#8222;Tutschfelder Kirchturm im Kreis&#8220; Richtung Osten an der alten Gaugrenze bzw. der heutigen Kreisgrenze (Breisgau-Ortenau) entlang. Eine neuerstellte Sitzgruppe l\u00e4dt zur verdienten Rast ein. Umgeben von Reben ist hier ein Viertele aus der mitgef\u00fchrten Flasche eine bek\u00f6mmliche St\u00e4rkung. Weiter der H\u00f6henlinie folgend befindet man sich immer noch auf dem K\u00f6nigsweg, im Volksmund auch &#8222;Holzweg&#8220; genannt.<\/p>\n<p>Am Gewann &#8222;Eckw\u00e4ldili&#8220; kann der Rundwanderweg nach Tutschfelden in Richtung S\u00fcden abgek\u00fcrzt werden. Weiter \u00fcber den &#8222;Lerchenberg&#8220;, an der Gemarkungsgrenze entlang, hinunter zum Sportplatz Broggingen, erreicht man durch den Erlenwald und \u00fcber den Banngraben die &#8222;Schliffi&#8220; und wandert \u00fcber die &#8222;Sch\u00f6rlinsmatte&#8220; zum Dorf und zum Ausgangspunkt zur\u00fcck.<\/p>","protected":false},"excerpt":{"rendered":"<p>Mit der Ausschilderung eines Wanderwegs rund um Tutschfelden gibt der Heimatverein Dorfbewohnern wie Ortsunkundigen die M\u00f6glichkeit, das Dorf und seine n\u00e4chste Umgebung von allen Seiten und mit herrlichen Ausblicken auf Tutschfelden und das Bleichtal kennenzulernen. Strecke und Gehzeit: ca. 10 &hellip; <a href=\"http:\/\/heimatverein-tutschfelden.de\/?page_id=198\">Weiterlesen <span class=\"meta-nav\">&rarr;<\/span><\/a><\/p>\n","protected":false},"author":1,"featured_media":0,"parent":55,"menu_order":6,"comment_status":"closed","ping_status":"closed","template":"","meta":{"ngg_post_thumbnail":0,"footnotes":""},"class_list":["post-198","page","type-page","status-publish","hentry"],"_links":{"self":[{"href":"http:\/\/heimatverein-tutschfelden.de\/index.php?rest_route=\/wp\/v2\/pages\/198","targetHints":{"allow":["GET"]}}],"collection":[{"href":"http:\/\/heimatverein-tutschfelden.de\/index.php?rest_route=\/wp\/v2\/pages"}],"about":[{"href":"http:\/\/heimatverein-tutschfelden.de\/index.php?rest_route=\/wp\/v2\/types\/page"}],"author":[{"embeddable":true,"href":"http:\/\/heimatverein-tutschfelden.de\/index.php?rest_route=\/wp\/v2\/users\/1"}],"replies":[{"embeddable":true,"href":"http:\/\/heimatverein-tutschfelden.de\/index.php?rest_route=%2Fwp%2Fv2%2Fcomments&post=198"}],"version-history":[{"count":4,"href":"http:\/\/heimatverein-tutschfelden.de\/index.php?rest_route=\/wp\/v2\/pages\/198\/revisions"}],"predecessor-version":[{"id":609,"href":"http:\/\/heimatverein-tutschfelden.de\/index.php?rest_route=\/wp\/v2\/pages\/198\/revisions\/609"}],"up":[{"embeddable":true,"href":"http:\/\/heimatverein-tutschfelden.de\/index.php?rest_route=\/wp\/v2\/pages\/55"}],"wp:attachment":[{"href":"http:\/\/heimatverein-tutschfelden.de\/index.php?rest_route=%2Fwp%2Fv2%2Fmedia&parent=198"}],"curies":[{"name":"wp","href":"https:\/\/api.w.org\/{rel}","templated":true}]}}