{"id":40,"date":"2023-11-11T20:35:15","date_gmt":"2023-11-11T18:35:15","guid":{"rendered":"http:\/\/heimatvereintutschfelden.wordpress.com\/?page_id=40"},"modified":"2026-03-11T17:02:04","modified_gmt":"2026-03-11T15:02:04","slug":"vorstandschaft","status":"publish","type":"page","link":"http:\/\/heimatverein-tutschfelden.de\/?page_id=40","title":{"rendered":"Vorstandschaft"},"content":{"rendered":"\n<p class=\"has-text-align-left\">1. Vorsitzender: Hans Schandelmeyer<br>2. Vorsitzender: Andreas Seggelke<br>Schriftf\u00fchrer: Melanie M\u00f6\u00dfner<br>Kassiererin: Carmen G\u00fcnther<br>Beisitzer: Mario Obert, Wolfgang G\u00fcnther, Paul Auer, Ernst Schiller, Melanie Schlamp, Dominik Reichel<\/p>\n\n\n\n<p><span style=\"font-family: Tahoma; font-size: small;\">&nbsp;<\/span><\/p>\n\n\n\n<figure class=\"wp-block-image size-large\"><a href=\"http:\/\/heimatverein-tutschfelden.de\/wp-content\/uploads\/20260123_193232637_iOS-scaled.jpg\"><img loading=\"lazy\" decoding=\"async\" width=\"1024\" height=\"768\" src=\"http:\/\/heimatverein-tutschfelden.de\/wp-content\/uploads\/20260123_193232637_iOS-1024x768.jpg\" alt=\"\" class=\"wp-image-721\" srcset=\"http:\/\/heimatverein-tutschfelden.de\/wp-content\/uploads\/20260123_193232637_iOS-1024x768.jpg 1024w, http:\/\/heimatverein-tutschfelden.de\/wp-content\/uploads\/20260123_193232637_iOS-300x225.jpg 300w, http:\/\/heimatverein-tutschfelden.de\/wp-content\/uploads\/20260123_193232637_iOS-768x576.jpg 768w, http:\/\/heimatverein-tutschfelden.de\/wp-content\/uploads\/20260123_193232637_iOS-1536x1152.jpg 1536w, http:\/\/heimatverein-tutschfelden.de\/wp-content\/uploads\/20260123_193232637_iOS-2048x1536.jpg 2048w, http:\/\/heimatverein-tutschfelden.de\/wp-content\/uploads\/20260123_193232637_iOS-400x300.jpg 400w\" sizes=\"auto, (max-width: 1024px) 100vw, 1024px\" \/><\/a><figcaption class=\"wp-element-caption\">v.l.n.r.: Dominik Reichel, Mario Obert, Hans Schandelmeyer, Paul Auer, Melanie Schlamp, Ernst Schiller, Carmen G\u00fcnther, Wolfgang G\u00fcnther, Melanie M\u00f6\u00dfner, Andreas Seggelke<\/figcaption><\/figure>\n\n\n\n<p><\/p>\n","protected":false},"excerpt":{"rendered":"<p>1. Vorsitzender: Hans Schandelmeyer2. Vorsitzender: Andreas SeggelkeSchriftf\u00fchrer: Melanie M\u00f6\u00dfnerKassiererin: Carmen G\u00fcntherBeisitzer: Mario Obert, Wolfgang G\u00fcnther, Paul Auer, Ernst Schiller, Melanie Schlamp, Dominik Reichel &nbsp;<\/p>\n","protected":false},"author":1,"featured_media":0,"parent":180,"menu_order":2,"comment_status":"closed","ping_status":"closed","template":"","meta":{"ngg_post_thumbnail":0,"footnotes":""},"class_list":["post-40","page","type-page","status-publish","hentry"],"_links":{"self":[{"href":"http:\/\/heimatverein-tutschfelden.de\/index.php?rest_route=\/wp\/v2\/pages\/40","targetHints":{"allow":["GET"]}}],"collection":[{"href":"http:\/\/heimatverein-tutschfelden.de\/index.php?rest_route=\/wp\/v2\/pages"}],"about":[{"href":"http:\/\/heimatverein-tutschfelden.de\/index.php?rest_route=\/wp\/v2\/types\/page"}],"author":[{"embeddable":true,"href":"http:\/\/heimatverein-tutschfelden.de\/index.php?rest_route=\/wp\/v2\/users\/1"}],"replies":[{"embeddable":true,"href":"http:\/\/heimatverein-tutschfelden.de\/index.php?rest_route=%2Fwp%2Fv2%2Fcomments&post=40"}],"version-history":[{"count":10,"href":"http:\/\/heimatverein-tutschfelden.de\/index.php?rest_route=\/wp\/v2\/pages\/40\/revisions"}],"predecessor-version":[{"id":723,"href":"http:\/\/heimatverein-tutschfelden.de\/index.php?rest_route=\/wp\/v2\/pages\/40\/revisions\/723"}],"up":[{"embeddable":true,"href":"http:\/\/heimatverein-tutschfelden.de\/index.php?rest_route=\/wp\/v2\/pages\/180"}],"wp:attachment":[{"href":"http:\/\/heimatverein-tutschfelden.de\/index.php?rest_route=%2Fwp%2Fv2%2Fmedia&parent=40"}],"curies":[{"name":"wp","href":"https:\/\/api.w.org\/{rel}","templated":true}]}}