{"id":47,"date":"2012-07-08T20:41:46","date_gmt":"2012-07-08T20:41:46","guid":{"rendered":"http:\/\/heimatvereintutschfelden.wordpress.com\/?page_id=47"},"modified":"2012-07-08T20:41:46","modified_gmt":"2012-07-08T20:41:46","slug":"ziele","status":"publish","type":"page","link":"http:\/\/heimatverein-tutschfelden.de\/?page_id=47","title":{"rendered":"Ziele"},"content":{"rendered":"<p>Der Heimatverein Tutschfelden e.V. wurde 1988 mit den folgenden Zielen gegr\u00fcndet:<\/p>\n<p>&#8211; Geschichte des Dorfes erforschen<br \/>\n&#8211; Heimatliebe f\u00f6rdern<br \/>\n&#8211; Dorfgemeinschaft pflegen<br \/>\n&#8211; alte Rechte des Dorfes wahren<br \/>\n&#8211; Verbindung zu ausw\u00e4rts wohnenden Tutschfeldern halten<br \/>\n&#8211; f\u00fcr das Dorf und seine Besonderheiten werben.<\/p>\n<p>Der Erhalt der Heimat und der spezifisch d\u00f6rflichen Traditionen ist dem Verein ein besonderes Anliegen.<\/p>\n","protected":false},"excerpt":{"rendered":"<p>Der Heimatverein Tutschfelden e.V. wurde 1988 mit den folgenden Zielen gegr\u00fcndet: &#8211; Geschichte des Dorfes erforschen &#8211; Heimatliebe f\u00f6rdern &#8211; Dorfgemeinschaft pflegen &#8211; alte Rechte des Dorfes wahren &#8211; Verbindung zu ausw\u00e4rts wohnenden Tutschfeldern halten &#8211; f\u00fcr das Dorf und &hellip; <a href=\"http:\/\/heimatverein-tutschfelden.de\/?page_id=47\">Weiterlesen <span class=\"meta-nav\">&rarr;<\/span><\/a><\/p>\n","protected":false},"author":1,"featured_media":0,"parent":180,"menu_order":1,"comment_status":"closed","ping_status":"closed","template":"","meta":{"ngg_post_thumbnail":0,"footnotes":""},"class_list":["post-47","page","type-page","status-publish","hentry"],"_links":{"self":[{"href":"http:\/\/heimatverein-tutschfelden.de\/index.php?rest_route=\/wp\/v2\/pages\/47","targetHints":{"allow":["GET"]}}],"collection":[{"href":"http:\/\/heimatverein-tutschfelden.de\/index.php?rest_route=\/wp\/v2\/pages"}],"about":[{"href":"http:\/\/heimatverein-tutschfelden.de\/index.php?rest_route=\/wp\/v2\/types\/page"}],"author":[{"embeddable":true,"href":"http:\/\/heimatverein-tutschfelden.de\/index.php?rest_route=\/wp\/v2\/users\/1"}],"replies":[{"embeddable":true,"href":"http:\/\/heimatverein-tutschfelden.de\/index.php?rest_route=%2Fwp%2Fv2%2Fcomments&post=47"}],"version-history":[{"count":0,"href":"http:\/\/heimatverein-tutschfelden.de\/index.php?rest_route=\/wp\/v2\/pages\/47\/revisions"}],"up":[{"embeddable":true,"href":"http:\/\/heimatverein-tutschfelden.de\/index.php?rest_route=\/wp\/v2\/pages\/180"}],"wp:attachment":[{"href":"http:\/\/heimatverein-tutschfelden.de\/index.php?rest_route=%2Fwp%2Fv2%2Fmedia&parent=47"}],"curies":[{"name":"wp","href":"https:\/\/api.w.org\/{rel}","templated":true}]}}