{"id":57,"date":"2023-11-17T16:26:56","date_gmt":"2023-11-17T14:26:56","guid":{"rendered":"http:\/\/heimatvereintutschfelden.wordpress.com\/?page_id=57"},"modified":"2023-11-17T16:26:56","modified_gmt":"2023-11-17T14:26:56","slug":"heimatmuseum","status":"publish","type":"page","link":"http:\/\/heimatverein-tutschfelden.de\/?page_id=57","title":{"rendered":"Heimatstube &#038; Museumsdorfschire"},"content":{"rendered":"\n<figure class=\"wp-block-image size-large\"><a href=\"http:\/\/heimatverein-tutschfelden.de\/wp-content\/uploads\/Screenshot-2023-11-17-152458.jpg\"><img loading=\"lazy\" decoding=\"async\" width=\"1024\" height=\"509\" src=\"http:\/\/heimatverein-tutschfelden.de\/wp-content\/uploads\/Screenshot-2023-11-17-152458-1024x509.jpg\" alt=\"\" class=\"wp-image-590\" srcset=\"http:\/\/heimatverein-tutschfelden.de\/wp-content\/uploads\/Screenshot-2023-11-17-152458-1024x509.jpg 1024w, http:\/\/heimatverein-tutschfelden.de\/wp-content\/uploads\/Screenshot-2023-11-17-152458-300x149.jpg 300w, http:\/\/heimatverein-tutschfelden.de\/wp-content\/uploads\/Screenshot-2023-11-17-152458-768x382.jpg 768w, http:\/\/heimatverein-tutschfelden.de\/wp-content\/uploads\/Screenshot-2023-11-17-152458-1536x764.jpg 1536w, http:\/\/heimatverein-tutschfelden.de\/wp-content\/uploads\/Screenshot-2023-11-17-152458-500x249.jpg 500w, http:\/\/heimatverein-tutschfelden.de\/wp-content\/uploads\/Screenshot-2023-11-17-152458.jpg 1766w\" sizes=\"auto, (max-width: 1024px) 100vw, 1024px\" \/><\/a><\/figure>\n\n\n<p>Die Heimatstube und Museumsdorfschire wurde 2013 er\u00f6ffnet und gew\u00e4hrt interessante Einblicke in die landwirtschaftlich gepr\u00e4gte Vergangenheit des Dorfes.<\/p>\n<p>In der Tenne und den Nebenr\u00e4umen werden eine Bauernk\u00fcche, eine Schlafkammer, Futter- und Stallraum sowie ein Kellerraum ausgestellt. Im angrenzenden Hof und Schopf finden sich zudem weitere Exponate aus Landwirtschaft und Handwerk.<\/p>\n<p>Besuche und F\u00fchrungen sind nach Anmeldung m\u00f6glich.<\/p>\n<p><br><a href=\"http:\/\/heimatverein-tutschfelden.de\/wp-content\/uploads\/FolderHVT.pdf\">Download: Info-Brosch\u00fcre Heimatstube&amp;Museumsdorfschire<\/a><\/p>\n<p>&nbsp;<\/p>","protected":false},"excerpt":{"rendered":"<p>Die Heimatstube und Museumsdorfschire wurde 2013 er\u00f6ffnet und gew\u00e4hrt interessante Einblicke in die landwirtschaftlich gepr\u00e4gte Vergangenheit des Dorfes. In der Tenne und den Nebenr\u00e4umen werden eine Bauernk\u00fcche, eine Schlafkammer, Futter- und Stallraum sowie ein Kellerraum ausgestellt. Im angrenzenden Hof und &hellip; <a href=\"http:\/\/heimatverein-tutschfelden.de\/?page_id=57\">Weiterlesen <span class=\"meta-nav\">&rarr;<\/span><\/a><\/p>\n","protected":false},"author":1,"featured_media":0,"parent":55,"menu_order":2,"comment_status":"closed","ping_status":"closed","template":"","meta":{"ngg_post_thumbnail":0,"footnotes":""},"class_list":["post-57","page","type-page","status-publish","hentry"],"_links":{"self":[{"href":"http:\/\/heimatverein-tutschfelden.de\/index.php?rest_route=\/wp\/v2\/pages\/57","targetHints":{"allow":["GET"]}}],"collection":[{"href":"http:\/\/heimatverein-tutschfelden.de\/index.php?rest_route=\/wp\/v2\/pages"}],"about":[{"href":"http:\/\/heimatverein-tutschfelden.de\/index.php?rest_route=\/wp\/v2\/types\/page"}],"author":[{"embeddable":true,"href":"http:\/\/heimatverein-tutschfelden.de\/index.php?rest_route=\/wp\/v2\/users\/1"}],"replies":[{"embeddable":true,"href":"http:\/\/heimatverein-tutschfelden.de\/index.php?rest_route=%2Fwp%2Fv2%2Fcomments&post=57"}],"version-history":[{"count":7,"href":"http:\/\/heimatverein-tutschfelden.de\/index.php?rest_route=\/wp\/v2\/pages\/57\/revisions"}],"predecessor-version":[{"id":591,"href":"http:\/\/heimatverein-tutschfelden.de\/index.php?rest_route=\/wp\/v2\/pages\/57\/revisions\/591"}],"up":[{"embeddable":true,"href":"http:\/\/heimatverein-tutschfelden.de\/index.php?rest_route=\/wp\/v2\/pages\/55"}],"wp:attachment":[{"href":"http:\/\/heimatverein-tutschfelden.de\/index.php?rest_route=%2Fwp%2Fv2%2Fmedia&parent=57"}],"curies":[{"name":"wp","href":"https:\/\/api.w.org\/{rel}","templated":true}]}}