{"id":65,"date":"2012-07-08T21:06:37","date_gmt":"2012-07-08T21:06:37","guid":{"rendered":"http:\/\/heimatvereintutschfelden.wordpress.com\/?page_id=65"},"modified":"2016-01-30T00:06:18","modified_gmt":"2016-01-29T22:06:18","slug":"medien-2","status":"publish","type":"page","link":"http:\/\/heimatverein-tutschfelden.de\/?page_id=65","title":{"rendered":"Medien"},"content":{"rendered":"<p><strong>Printmedien<br \/>\n<\/strong>Neben dem 1988 erschienenen Ortssippenbuch ver\u00f6ffentlicht der Heimatverein sporadisch die Vereinszeitschrift Heckerose.<\/p>\n<p><strong>Info-Brosch\u00fcre<\/strong><br \/>\n<a href=\"http:\/\/heimatverein-tutschfelden.de\/wp-content\/uploads\/FolderHVT.pdf\">Heimatstube und Museumsdorfschire<\/a><\/p>\n<p><strong>Bildergalerie<br \/>\n<\/strong>Unsere Bildergalerie gibt einen Einblick in die vielf\u00e4ltigen Aktivit\u00e4ten unseres Vereins.<\/p>\n","protected":false},"excerpt":{"rendered":"<p>Printmedien Neben dem 1988 erschienenen Ortssippenbuch ver\u00f6ffentlicht der Heimatverein sporadisch die Vereinszeitschrift Heckerose. Info-Brosch\u00fcre Heimatstube und Museumsdorfschire Bildergalerie Unsere Bildergalerie gibt einen Einblick in die vielf\u00e4ltigen Aktivit\u00e4ten unseres Vereins.<\/p>\n","protected":false},"author":1,"featured_media":0,"parent":0,"menu_order":6,"comment_status":"closed","ping_status":"closed","template":"","meta":{"ngg_post_thumbnail":0,"footnotes":""},"class_list":["post-65","page","type-page","status-publish","hentry"],"_links":{"self":[{"href":"http:\/\/heimatverein-tutschfelden.de\/index.php?rest_route=\/wp\/v2\/pages\/65","targetHints":{"allow":["GET"]}}],"collection":[{"href":"http:\/\/heimatverein-tutschfelden.de\/index.php?rest_route=\/wp\/v2\/pages"}],"about":[{"href":"http:\/\/heimatverein-tutschfelden.de\/index.php?rest_route=\/wp\/v2\/types\/page"}],"author":[{"embeddable":true,"href":"http:\/\/heimatverein-tutschfelden.de\/index.php?rest_route=\/wp\/v2\/users\/1"}],"replies":[{"embeddable":true,"href":"http:\/\/heimatverein-tutschfelden.de\/index.php?rest_route=%2Fwp%2Fv2%2Fcomments&post=65"}],"version-history":[{"count":2,"href":"http:\/\/heimatverein-tutschfelden.de\/index.php?rest_route=\/wp\/v2\/pages\/65\/revisions"}],"predecessor-version":[{"id":318,"href":"http:\/\/heimatverein-tutschfelden.de\/index.php?rest_route=\/wp\/v2\/pages\/65\/revisions\/318"}],"wp:attachment":[{"href":"http:\/\/heimatverein-tutschfelden.de\/index.php?rest_route=%2Fwp%2Fv2%2Fmedia&parent=65"}],"curies":[{"name":"wp","href":"https:\/\/api.w.org\/{rel}","templated":true}]}}