{"id":70,"date":"2012-07-08T21:12:14","date_gmt":"2012-07-08T21:12:14","guid":{"rendered":"http:\/\/heimatvereintutschfelden.wordpress.com\/?page_id=70"},"modified":"2012-07-08T21:12:14","modified_gmt":"2012-07-08T21:12:14","slug":"ortssippenbuch","status":"publish","type":"page","link":"http:\/\/heimatverein-tutschfelden.de\/?page_id=70","title":{"rendered":"Ortssippenbuch"},"content":{"rendered":"<p><a href=\"http:\/\/heimatverein-tutschfelden.de\/wp-content\/uploads\/osb_cover_180.jpg\"><img loading=\"lazy\" decoding=\"async\" class=\"size-thumbnail wp-image-90 alignleft\" style=\"margin:20px;\" title=\"OSB_Cover_180\" src=\"http:\/\/heimatverein-tutschfelden.de\/wp-content\/uploads\/osb_cover_180.jpg?w=114\" alt=\"\" width=\"114\" height=\"150\" \/><\/a>Hg. von Heimatverein Tutschfelden e.V., Tutschfelden 1988.<br \/>\nDeutsche Ortssippenb\u00fccher, hg. von\u00a0 Zentralstelle f\u00fcr Personen- und Familiengeschichte, Reihe A, Band 143<br \/>\nBadische Ortssippenb\u00fccher, hg. von Interessengemeinschaft Badischer Ortssippenb\u00fccher, Band 57<\/p>\n<p>\u20ac 71,\u2013<\/p>\n<p>Das Ortssippenbuch Tutschfelden umfa\u00dft eine umfangreiche Ortschronik (s. Inhalt) sowie ein Sippenbuch \u00fcber die Familien und Personen, die der Gemeinde Tutschfelden seit ca. 1680 zugeh\u00f6rt haben.<\/p>\n<p><strong>Aus dem Inhalt:<\/strong><\/p>\n<p>A Ortschronik<\/p>\n<p>Ortswappen und Heimatlied<br \/>\nGeschichte von Tutschfelden<br \/>\nTutschfelder Kirchengeschichte<br \/>\nDorfschule<br \/>\nVereinsleben<br \/>\nTutschfelder Tracht<br \/>\nHandwerk \u2013 Industrie \u2013 Handel<br \/>\nAus der Landwirtschaft<br \/>\nDer Weinbau<br \/>\nHeimat und Dorfleben<br \/>\nGedichte<\/p>\n<p>B Ortssippenbuch<\/p>\n<p>Die Ortsfamilien (ca. 1200 Familien)<\/p>\n","protected":false},"excerpt":{"rendered":"<p>Hg. von Heimatverein Tutschfelden e.V., Tutschfelden 1988. Deutsche Ortssippenb\u00fccher, hg. von\u00a0 Zentralstelle f\u00fcr Personen- und Familiengeschichte, Reihe A, Band 143 Badische Ortssippenb\u00fccher, hg. von Interessengemeinschaft Badischer Ortssippenb\u00fccher, Band 57 \u20ac 71,\u2013 Das Ortssippenbuch Tutschfelden umfa\u00dft eine umfangreiche Ortschronik (s. Inhalt) &hellip; <a href=\"http:\/\/heimatverein-tutschfelden.de\/?page_id=70\">Weiterlesen <span class=\"meta-nav\">&rarr;<\/span><\/a><\/p>\n","protected":false},"author":1,"featured_media":0,"parent":65,"menu_order":1,"comment_status":"closed","ping_status":"closed","template":"","meta":{"ngg_post_thumbnail":0,"footnotes":""},"class_list":["post-70","page","type-page","status-publish","hentry"],"_links":{"self":[{"href":"http:\/\/heimatverein-tutschfelden.de\/index.php?rest_route=\/wp\/v2\/pages\/70","targetHints":{"allow":["GET"]}}],"collection":[{"href":"http:\/\/heimatverein-tutschfelden.de\/index.php?rest_route=\/wp\/v2\/pages"}],"about":[{"href":"http:\/\/heimatverein-tutschfelden.de\/index.php?rest_route=\/wp\/v2\/types\/page"}],"author":[{"embeddable":true,"href":"http:\/\/heimatverein-tutschfelden.de\/index.php?rest_route=\/wp\/v2\/users\/1"}],"replies":[{"embeddable":true,"href":"http:\/\/heimatverein-tutschfelden.de\/index.php?rest_route=%2Fwp%2Fv2%2Fcomments&post=70"}],"version-history":[{"count":0,"href":"http:\/\/heimatverein-tutschfelden.de\/index.php?rest_route=\/wp\/v2\/pages\/70\/revisions"}],"up":[{"embeddable":true,"href":"http:\/\/heimatverein-tutschfelden.de\/index.php?rest_route=\/wp\/v2\/pages\/65"}],"wp:attachment":[{"href":"http:\/\/heimatverein-tutschfelden.de\/index.php?rest_route=%2Fwp%2Fv2%2Fmedia&parent=70"}],"curies":[{"name":"wp","href":"https:\/\/api.w.org\/{rel}","templated":true}]}}